{"id":87,"date":"2023-01-31T13:36:59","date_gmt":"2023-01-31T13:36:59","guid":{"rendered":"http:\/\/flucos.uniovi.es\/?page_id=87"},"modified":"2025-03-20T12:39:13","modified_gmt":"2025-03-20T12:39:13","slug":"webgis","status":"publish","type":"page","link":"https:\/\/flucos.uniovi.es\/index.php\/webgis\/","title":{"rendered":"WebGis"},"content":{"rendered":"<p>A free database has been created and integrated into an interactive GIS, with the main results obtained. By clicking on each point, a dropdown menu opens displaying the trace elements concentrations obtained for the subsets of background and non-background samples in the Esva and Nal\u00f3n basins.<\/p>\n\n\n<iframe loading=\"lazy\" src=\"https:\/\/flucos.uniovi.es\/wp-content\/uploads\/qgis-mapa\/index.html\" width=\"100%\" height=\"600px\" style=\"border: none;\"><\/iframe>\n\n\n<p>How to cite:<\/p>\n<p>Barrio-Parra F, \u00c1lvarez R, Serrano-Garc\u00eda H, Izquierdo-D\u00edaz M, Ord\u00f3\u00f1ez A, Garc\u00eda-Fern\u00e1ndez CC, De Miguel E, 2025. A proposed methodology for the definition of background and reference values for trace elements in fluvial sediments. <em>Ecotoxicology and Environmental Safety<\/em>, 290: n\u00ba117517. DOI: https:\/\/doi.org\/10.1016\/j.ecoenv.2024.117517<\/p>","protected":false},"excerpt":{"rendered":"<p>A free database has been created and integrated into an interactive GIS, with the main results obtained. By clicking on each point, a dropdown menu opens displaying the trace elements concentrations obtained for the subsets of background and non-background samples<\/p>\n","protected":false},"author":1,"featured_media":0,"parent":0,"menu_order":0,"comment_status":"closed","ping_status":"closed","template":"","meta":{"footnotes":""},"class_list":["post-87","page","type-page","status-publish","hentry"],"_links":{"self":[{"href":"https:\/\/flucos.uniovi.es\/index.php\/wp-json\/wp\/v2\/pages\/87","targetHints":{"allow":["GET"]}}],"collection":[{"href":"https:\/\/flucos.uniovi.es\/index.php\/wp-json\/wp\/v2\/pages"}],"about":[{"href":"https:\/\/flucos.uniovi.es\/index.php\/wp-json\/wp\/v2\/types\/page"}],"author":[{"embeddable":true,"href":"https:\/\/flucos.uniovi.es\/index.php\/wp-json\/wp\/v2\/users\/1"}],"replies":[{"embeddable":true,"href":"https:\/\/flucos.uniovi.es\/index.php\/wp-json\/wp\/v2\/comments?post=87"}],"version-history":[{"count":17,"href":"https:\/\/flucos.uniovi.es\/index.php\/wp-json\/wp\/v2\/pages\/87\/revisions"}],"predecessor-version":[{"id":447,"href":"https:\/\/flucos.uniovi.es\/index.php\/wp-json\/wp\/v2\/pages\/87\/revisions\/447"}],"wp:attachment":[{"href":"https:\/\/flucos.uniovi.es\/index.php\/wp-json\/wp\/v2\/media?parent=87"}],"curies":[{"name":"wp","href":"https:\/\/api.w.org\/{rel}","templated":true}]}}