{"id":6,"date":"2023-01-14T19:17:52","date_gmt":"2023-01-14T19:17:52","guid":{"rendered":"http:\/\/flucos.uniovi.es\/?page_id=6"},"modified":"2023-02-01T09:12:55","modified_gmt":"2023-02-01T09:12:55","slug":"home","status":"publish","type":"page","link":"https:\/\/flucos.uniovi.es\/","title":{"rendered":"Home"},"content":{"rendered":"\n<p>\u00a1Te damos la bienvenida a tu sitio! Esta es tu p\u00e1gina de inicio, que es la que la mayor\u00eda de visitantes ver\u00e1n cuando vengan a tu sitio por primera vez.<\/p>\n","protected":false},"excerpt":{"rendered":"<p>\u00a1Te damos la bienvenida a tu sitio! Esta es tu p\u00e1gina de inicio, que es la que la mayor\u00eda de visitantes ver\u00e1n cuando vengan a tu sitio por primera vez.<\/p>\n","protected":false},"author":1,"featured_media":0,"parent":0,"menu_order":0,"comment_status":"closed","ping_status":"closed","template":"page-templates\/business.php","meta":{"footnotes":""},"class_list":["post-6","page","type-page","status-publish","hentry"],"_links":{"self":[{"href":"https:\/\/flucos.uniovi.es\/index.php\/wp-json\/wp\/v2\/pages\/6","targetHints":{"allow":["GET"]}}],"collection":[{"href":"https:\/\/flucos.uniovi.es\/index.php\/wp-json\/wp\/v2\/pages"}],"about":[{"href":"https:\/\/flucos.uniovi.es\/index.php\/wp-json\/wp\/v2\/types\/page"}],"author":[{"embeddable":true,"href":"https:\/\/flucos.uniovi.es\/index.php\/wp-json\/wp\/v2\/users\/1"}],"replies":[{"embeddable":true,"href":"https:\/\/flucos.uniovi.es\/index.php\/wp-json\/wp\/v2\/comments?post=6"}],"version-history":[{"count":2,"href":"https:\/\/flucos.uniovi.es\/index.php\/wp-json\/wp\/v2\/pages\/6\/revisions"}],"predecessor-version":[{"id":78,"href":"https:\/\/flucos.uniovi.es\/index.php\/wp-json\/wp\/v2\/pages\/6\/revisions\/78"}],"wp:attachment":[{"href":"https:\/\/flucos.uniovi.es\/index.php\/wp-json\/wp\/v2\/media?parent=6"}],"curies":[{"name":"wp","href":"https:\/\/api.w.org\/{rel}","templated":true}]}}