{"id":37,"date":"2023-01-14T20:07:48","date_gmt":"2023-01-14T20:07:48","guid":{"rendered":"http:\/\/flucos.uniovi.es\/?page_id=37"},"modified":"2023-02-08T09:48:38","modified_gmt":"2023-02-08T09:48:38","slug":"team","status":"publish","type":"page","link":"https:\/\/flucos.uniovi.es\/index.php\/team\/","title":{"rendered":"Team"},"content":{"rendered":"<p>The transversality of this project advises the participation of two principal investigators to undertake all the proposed tasks: Almudena Ord\u00f3\u00f1ez research profile is related to Hydrogeology, whereas Rodrigo \u00c1lvarez is an expert in mineral solid characterization; therefore, they are in charge of the specific objectives according to their respective fields of expertise. Researchers from the <strong>University of Oviedo\/Universidad Polit\u00e9cnica de Madrid<\/strong> belong to three different areas of knowledge: Mineral investigation and prospecting, Cartographical engineering and Zoology.<\/p>\n<p>In addition, experts in Environmental geochemistry from the <strong>University of Trieste (Italy)<\/strong> and in aquatic sedimentology <strong>(University of Coventry (UK))<\/strong> complete the research and the work team.<\/p>\n\n\n<div class=\"wp-block-columns is-layout-flex wp-container-core-columns-is-layout-28f84493 wp-block-columns-is-layout-flex\">\n<div class=\"wp-block-column is-layout-flow wp-block-column-is-layout-flow\">\n<figure class=\"wp-block-image size-full\"><img loading=\"lazy\" decoding=\"async\" width=\"1089\" height=\"427\" src=\"http:\/\/flucos.uniovi.es\/wp-content\/uploads\/2023\/02\/Logo-Uniovi.jpg\" alt=\"\" class=\"wp-image-335\"\/><\/figure>\n<\/div>\n\n\n\n<div class=\"wp-block-column is-layout-flow wp-block-column-is-layout-flow\">\n<figure class=\"wp-block-image size-full\"><img loading=\"lazy\" decoding=\"async\" width=\"891\" height=\"356\" src=\"http:\/\/flucos.uniovi.es\/wp-content\/uploads\/2023\/02\/Logo-upm.jpg\" alt=\"\" class=\"wp-image-334\"\/><\/figure>\n<\/div>\n\n\n\n<div class=\"wp-block-column is-layout-flow wp-block-column-is-layout-flow\">\n<figure class=\"wp-block-image size-full\"><img loading=\"lazy\" decoding=\"async\" width=\"1213\" height=\"409\" src=\"http:\/\/flucos.uniovi.es\/wp-content\/uploads\/2023\/02\/logo-trieste.jpg\" alt=\"\" class=\"wp-image-302\"\/><\/figure>\n<\/div>\n\n\n\n<div class=\"wp-block-column is-layout-flow wp-block-column-is-layout-flow\">\n<figure class=\"wp-block-image size-full\"><img loading=\"lazy\" decoding=\"async\" width=\"668\" height=\"191\" src=\"http:\/\/flucos.uniovi.es\/wp-content\/uploads\/2023\/02\/Logo-coventry.jpg\" alt=\"\" class=\"wp-image-303\"\/><\/figure>\n<\/div>\n<\/div>\n\n\n\n<p style=\"text-align: center;\">&nbsp;<i class=\"fa fa-users fa-5x\" style=\"color: #0F9DC4;\" aria-hidden=\"true\"><\/i><\/p>\n\n\n<h1 style=\"text-align: center;\"><span style=\"color: #808080;\"><strong>Research team<\/strong><\/span><\/h1>\n<p><\/p>\n\n\n<p><\/p>\n\n\n\n<div class=\"wp-block-columns alignfull has-text-color has-background is-layout-flex wp-container-core-columns-is-layout-28f84493 wp-block-columns-is-layout-flex\" style=\"color:#000000;background-color:#ffffff\">\n<div class=\"wp-block-column is-layout-flow wp-block-column-is-layout-flow\">\n<h3 class=\"has-text-align-center has-text-color wp-block-heading\" style=\"color:#0f9dc4;font-size:24px;line-height:1.3\"><strong>Almudena Ordo\u00f1ez <\/strong><\/h3>\n\n\n\n<p class=\"has-text-align-center has-text-color\" style=\"color:#86929a\">FULL PROFESSOR AT THE UNIVERSITY OF OVIEDO <\/p>\n\n\n\n<p class=\"has-text-align-center\">PhD mining engineer, expertise in Hydrogeology and Geochemistry.<\/p>\n<\/div>\n\n\n\n<div class=\"wp-block-column is-layout-flow wp-block-column-is-layout-flow\">\n<h3 class=\"has-text-align-center has-text-color wp-block-heading\" style=\"color:#0f9dc4;font-size:24px;line-height:1.3\"><strong>Rodrigo \u00c1lvarez<\/strong><a href=\"https:\/\/www.scopus.com\/authid\/detail.uri?authorId=7007153253\"><strong> <\/strong><\/a><\/h3>\n\n\n\n<p class=\"has-text-align-center has-text-color\" style=\"color:#86929a\">TENURED PROFESSOR AT THE UNIVERSITY OF OVIEDO <\/p>\n\n\n\n<p class=\"has-text-align-center\">PhD mining engineer, expertise in Mineralogy and Geochemistry.<\/p>\n<\/div>\n\n\n\n<div class=\"wp-block-column is-layout-flow wp-block-column-is-layout-flow\">\n<h3 class=\"has-text-align-center has-text-color wp-block-heading\" style=\"color:#0f9dc4;font-size:24px;line-height:1.3\"><strong>Eduardo de Miguel <\/strong><\/h3>\n\n\n\n<p class=\"has-text-align-center has-text-color\" style=\"color:#86929a\">FULL PROFESSOR AT THE POLYTECHNIC UNIVERSITY OF MADRID<\/p>\n\n\n\n<p class=\"has-text-align-center\">PhD mining engineer, expertise in environmental geochemistry, contaminated site characterization and risk assessment.<\/p>\n<\/div>\n\n\n\n<div class=\"wp-block-column is-layout-flow wp-block-column-is-layout-flow\">\n<h3 class=\"has-text-align-center has-text-color wp-block-heading\" style=\"color:#0f9dc4;font-size:24px;line-height:1.3\"><strong>Silverio Garc\u00eda Cort\u00e9s <\/strong><\/h3>\n\n\n\n<p class=\"has-text-align-center has-text-color\" style=\"color:#86929a\">TENURED PROFESSOR AT THE UNIVERSITY OF OVIEDO <\/p>\n\n\n\n<p class=\"has-text-align-center\">PhD mining engineer, expertise in Artificial Intelligence techniques, Point cloud processing, Unmanned Aerial Vehicles sensor integration and GIS processing.<\/p>\n<\/div>\n<\/div>\n\n\n\n<div class=\"wp-block-columns alignfull has-text-color has-background is-layout-flex wp-container-core-columns-is-layout-28f84493 wp-block-columns-is-layout-flex\" style=\"color:#000000;background-color:#ffffff\">\n<div class=\"wp-block-column is-layout-flow wp-block-column-is-layout-flow\">\n<h3 class=\"has-text-align-center has-text-color wp-block-heading\" style=\"color:#0f9dc4;font-size:24px;line-height:1.3\"><strong>Pablo Cienfuegos <\/strong><\/h3>\n\n\n\n<p class=\"has-text-align-center has-text-color\" style=\"color:#86929a\">TENURED PROFESSOR AT THE UNIVERSITY OF OVIEDO <\/p>\n\n\n\n<p class=\"has-text-align-center\">PhD geologist and geological engineer, expertise in Applied Geology.<\/p>\n<\/div>\n\n\n\n<div class=\"wp-block-column is-layout-flow wp-block-column-is-layout-flow\">\n<h3 class=\"has-text-align-center has-text-color wp-block-heading\" style=\"color:#0f9dc4;font-size:24px;line-height:1.3\"><strong>Alfredo Fern\u00e1ndez Ojanguren <\/strong><\/h3>\n\n\n\n<p class=\"has-text-align-center has-text-color\" style=\"color:#86929a\">ASSOCIATE PROFESSOR AT THE UNIVERSITY OF OVIEDO<\/p>\n\n\n\n<p class=\"has-text-align-center\">PhD biologist, expertise in fish ecology and biological conservation.<\/p>\n<\/div>\n\n\n\n<div class=\"wp-block-column is-layout-flow wp-block-column-is-layout-flow\">\n<h3 class=\"has-text-align-center has-text-color wp-block-heading\" style=\"color:#0f9dc4;font-size:24px;line-height:1.3\"><strong>Efr\u00e9n Garc\u00eda Ordiales <\/strong><\/h3>\n\n\n\n<p class=\"has-text-align-center has-text-color\" style=\"color:#86929a\">ASSOCIATE PROFESSOR AT THE UNIVERSITY OF OVIEDO <\/p>\n\n\n\n<p class=\"has-text-align-center\">PhD mining engineer, expertise in (bio)geochemistry in mining, fluvial and marine areas.<\/p>\n<\/div>\n\n\n\n<div class=\"wp-block-column is-layout-flow wp-block-column-is-layout-flow\">\n<h3 class=\"has-text-align-center has-text-color wp-block-heading\" style=\"color:#0f9dc4;font-size:24px;line-height:1.3\"><\/h3>\n\n\n\n<p class=\"has-text-align-center has-text-color\" style=\"color:#86929a\"><\/p>\n\n\n\n<p class=\"has-text-align-center\"><\/p>\n<\/div>\n<\/div>\n\n\n\n<p style=\"text-align: center;\">&nbsp;<i class=\"fa fa-users fa-5x\" style=\"color: #0F9DC4;\" aria-hidden=\"true\"><\/i><\/p>\n\n\n<h1 style=\"text-align: center;\"><span style=\"color: #808080;\"><strong>Work team<\/strong><\/span><\/h1>\n<p><\/p>\n\n\n<div class=\"wp-block-columns alignfull has-text-color has-background is-layout-flex wp-container-core-columns-is-layout-28f84493 wp-block-columns-is-layout-flex\" style=\"color:#000000;background-color:#ffffff\">\n<div class=\"wp-block-column is-layout-flow wp-block-column-is-layout-flow\">\n<h3 class=\"has-text-align-center has-text-color wp-block-heading\" style=\"color:#0f9dc4;font-size:24px;line-height:1.3\"><strong>Jorge Loredo <\/strong><\/h3>\n\n\n\n<p class=\"has-text-align-center has-text-color\" style=\"color:#86929a\">EMERITUS FULL PROFESSOR AT THE UNIVERSITY OF OVIEDO <\/p>\n\n\n\n<p class=\"has-text-align-center\">PhD mining engineer, expertise in environmental engineering.<\/p>\n<\/div>\n\n\n\n<div class=\"wp-block-column is-layout-flow wp-block-column-is-layout-flow\">\n<h3 class=\"has-text-align-center has-text-color wp-block-heading\" style=\"color:#0f9dc4;font-size:24px;line-height:1.3\"><strong>Susanne Charlesworth <\/strong><\/h3>\n\n\n\n<p class=\"has-text-align-center has-text-color\" style=\"color:#86929a\">FULL PROFESSOR AT THE COVENTRY UNIVERSITY  <\/p>\n\n\n\n<p class=\"has-text-align-center\">PhD in Physical Geography, expertise in aquatic sedimentology, water resources and urban pollution.<\/p>\n<\/div>\n\n\n\n<div class=\"wp-block-column is-layout-flow wp-block-column-is-layout-flow\">\n<h3 class=\"has-text-align-center has-text-color wp-block-heading\" style=\"color:#0f9dc4;font-size:24px;line-height:1.3\"><strong>Stefano Covelli <\/strong><\/h3>\n\n\n\n<p class=\"has-text-align-center has-text-color\" style=\"color:#86929a\">TENURED PROFESSOR AT THE UNIVERSITY OF TRIESTE<\/p>\n\n\n\n<p class=\"has-text-align-center\">PhD geologist, expertise in biogeochemical cycle of contaminants in the aquatic environments.<\/p>\n<\/div>\n\n\n\n<div class=\"wp-block-column is-layout-flow wp-block-column-is-layout-flow\">\n<h3 class=\"has-text-align-center has-text-color wp-block-heading\" style=\"color:#0f9dc4;font-size:24px;line-height:1.3\"><strong>Giorgio Fontolan <\/strong><\/h3>\n\n\n\n<p class=\"has-text-align-center has-text-color\" style=\"color:#86929a\">TENURED PROFESSOR AT THE UNIVERSITY OF TRIESTE<\/p>\n\n\n\n<p class=\"has-text-align-center\">PhD geologist, expertise in morphodynamics and sedimentology of the coastal zone.<\/p>\n<\/div>\n<\/div>\n\n\n\n<div class=\"wp-block-columns alignfull has-text-color has-background is-layout-flex wp-container-core-columns-is-layout-28f84493 wp-block-columns-is-layout-flex\" style=\"color:#000000;background-color:#ffffff\">\n<div class=\"wp-block-column is-layout-flow wp-block-column-is-layout-flow\">\n<h3 class=\"has-text-align-center has-text-color wp-block-heading\" style=\"color:#0f9dc4;font-size:24px;line-height:1.3\"><strong>Fernando Barrio <\/strong><\/h3>\n\n\n\n<p class=\"has-text-align-center has-text-color\" style=\"color:#86929a\">ASSOCIATE PROFESSOR AT THE POLYTECHNIC UNIVERSITY OF MADRID <\/p>\n\n\n\n<p class=\"has-text-align-center\">PhD in Natural Resources Conservation, expertise in risk analysis in river sediments and in the creation of computer programs for the modelling of sedimentary transfer processes.<\/p>\n<\/div>\n\n\n\n<div class=\"wp-block-column is-layout-flow wp-block-column-is-layout-flow\">\n<h3 class=\"has-text-align-center has-text-color wp-block-heading\" style=\"color:#0f9dc4;font-size:24px;line-height:1.3\"><strong>Miguel Izquierdo <\/strong><\/h3>\n\n\n\n<p class=\"has-text-align-center has-text-color\" style=\"color:#86929a\">ASSOCIATE PROFESSOR AT THE POLYTECHNIC UNIVERSITY OF MADRID<\/p>\n\n\n\n<p class=\"has-text-align-center\">PhD in Environmental Research, Modelling and Risk Assessment, expertise in environmental geochemistry, modelling of soil and groundwater contamination, environmental and human health risk assessment and pollution biomonitoring.<\/p>\n<\/div>\n\n\n\n<div class=\"wp-block-column is-layout-flow wp-block-column-is-layout-flow\">\n<h3 class=\"has-text-align-center has-text-color wp-block-heading\" style=\"color:#0f9dc4;font-size:24px;line-height:1.3\"><strong>Carmen Covadonga Garc\u00eda <\/strong><\/h3>\n\n\n\n<p class=\"has-text-align-center has-text-color\" style=\"color:#86929a\">RESEARCHER AT THE UNIVERSITY OF OVIEDO<\/p>\n\n\n\n<p class=\"has-text-align-center\">PhD geologist, expertise in geotechnical engineering and rock characterization.<\/p>\n<\/div>\n\n\n\n<div class=\"wp-block-column is-layout-flow wp-block-column-is-layout-flow\">\n<h3 class=\"has-text-align-center has-text-color wp-block-heading\" style=\"color:#0f9dc4;font-size:24px;line-height:1.3\"><strong>Lorena Sanz <\/strong><\/h3>\n\n\n\n<p class=\"has-text-align-center has-text-color\" style=\"color:#86929a\">PhD STUDENT AT THE UNIVERSITY OF OVIEDO<\/p>\n\n\n\n<p class=\"has-text-align-center\">Mining engineer, expertise in geochemistry, mathematical modelling of estuarine and littoral zones, and risk assessment applied to environmental studies.<\/p>\n<\/div>\n<\/div>\n","protected":false},"excerpt":{"rendered":"<p>The transversality of this project advises the participation of two principal investigators to undertake all the proposed tasks: Almudena Ord\u00f3\u00f1ez research profile is related to Hydrogeology, whereas Rodrigo \u00c1lvarez is an expert in mineral solid characterization; therefore, they are in<\/p>\n","protected":false},"author":1,"featured_media":0,"parent":0,"menu_order":0,"comment_status":"closed","ping_status":"closed","template":"","meta":{"footnotes":""},"class_list":["post-37","page","type-page","status-publish","hentry"],"_links":{"self":[{"href":"https:\/\/flucos.uniovi.es\/index.php\/wp-json\/wp\/v2\/pages\/37","targetHints":{"allow":["GET"]}}],"collection":[{"href":"https:\/\/flucos.uniovi.es\/index.php\/wp-json\/wp\/v2\/pages"}],"about":[{"href":"https:\/\/flucos.uniovi.es\/index.php\/wp-json\/wp\/v2\/types\/page"}],"author":[{"embeddable":true,"href":"https:\/\/flucos.uniovi.es\/index.php\/wp-json\/wp\/v2\/users\/1"}],"replies":[{"embeddable":true,"href":"https:\/\/flucos.uniovi.es\/index.php\/wp-json\/wp\/v2\/comments?post=37"}],"version-history":[{"count":49,"href":"https:\/\/flucos.uniovi.es\/index.php\/wp-json\/wp\/v2\/pages\/37\/revisions"}],"predecessor-version":[{"id":342,"href":"https:\/\/flucos.uniovi.es\/index.php\/wp-json\/wp\/v2\/pages\/37\/revisions\/342"}],"wp:attachment":[{"href":"https:\/\/flucos.uniovi.es\/index.php\/wp-json\/wp\/v2\/media?parent=37"}],"curies":[{"name":"wp","href":"https:\/\/api.w.org\/{rel}","templated":true}]}}